{"id":1454,"date":"2025-10-05T08:32:19","date_gmt":"2025-10-05T08:32:19","guid":{"rendered":"https:\/\/explorefishvariety.gov.mt\/?page_id=1454"},"modified":"2025-10-28T14:38:16","modified_gmt":"2025-10-28T14:38:16","slug":"thank-you-page","status":"publish","type":"page","link":"https:\/\/explorefishvariety.gov.mt\/mt\/thank-you-page\/","title":{"rendered":"Thank you page"},"content":{"rendered":"<div data-elementor-type=\"wp-page\" data-elementor-id=\"1454\" class=\"elementor elementor-1454\" data-elementor-post-type=\"page\">\n\t\t\t\t<div class=\"elementor-element elementor-element-2d3e5c5 e-flex e-con-boxed wpr-particle-no wpr-jarallax-no wpr-parallax-no wpr-sticky-section-no e-con e-parent\" data-id=\"2d3e5c5\" data-element_type=\"container\" data-settings=\"{&quot;background_background&quot;:&quot;classic&quot;}\">\n\t\t\t\t\t<div class=\"e-con-inner\">\n\t\t\t\t<div class=\"elementor-element elementor-element-01e919b elementor-widget elementor-widget-heading\" data-id=\"01e919b\" data-element_type=\"widget\" data-widget_type=\"heading.default\">\n\t\t\t\t\t<h2 class=\"elementor-heading-title elementor-size-default\">Grazzi!<\/h2>\t\t\t\t<\/div>\n\t\t\t\t<div class=\"elementor-element elementor-element-a48b882 elementor-widget elementor-widget-heading\" data-id=\"a48b882\" data-element_type=\"widget\" data-widget_type=\"heading.default\">\n\t\t\t\t\t<h2 class=\"elementor-heading-title elementor-size-default\">Il-messa\u0121\u0121 tieg\u0127ek intbag\u0127at.<\/h2>\t\t\t\t<\/div>\n\t\t\t\t\t<\/div>\n\t\t\t\t<\/div>\n\t\t\t\t<\/div>\n\t\t\n    <div class=\"xs_social_share_widget xs_share_url after_content \t\tmain_content  wslu-style-1 wslu-share-box-shaped wslu-fill-colored wslu-none wslu-share-horizontal wslu-theme-font-no wslu-main_content\">\n\n\t\t\n        <ul>\n\t\t\t        <\/ul>\n    <\/div>","protected":false},"excerpt":{"rendered":"<p>Thank You! Your message has been sent<\/p>","protected":false},"author":1,"featured_media":0,"parent":0,"menu_order":0,"comment_status":"closed","ping_status":"closed","template":"elementor_header_footer","meta":{"postBodyCss":"","postBodyMargin":[],"postBodyPadding":[],"postBodyBackground":{"backgroundType":"classic","gradient":""},"footnotes":""},"class_list":["post-1454","page","type-page","status-publish","hentry"],"_hostinger_reach_plugin_has_subscription_block":false,"_hostinger_reach_plugin_is_elementor":false,"_links":{"self":[{"href":"https:\/\/explorefishvariety.gov.mt\/mt\/wp-json\/wp\/v2\/pages\/1454","targetHints":{"allow":["GET"]}}],"collection":[{"href":"https:\/\/explorefishvariety.gov.mt\/mt\/wp-json\/wp\/v2\/pages"}],"about":[{"href":"https:\/\/explorefishvariety.gov.mt\/mt\/wp-json\/wp\/v2\/types\/page"}],"author":[{"embeddable":true,"href":"https:\/\/explorefishvariety.gov.mt\/mt\/wp-json\/wp\/v2\/users\/1"}],"replies":[{"embeddable":true,"href":"https:\/\/explorefishvariety.gov.mt\/mt\/wp-json\/wp\/v2\/comments?post=1454"}],"version-history":[{"count":37,"href":"https:\/\/explorefishvariety.gov.mt\/mt\/wp-json\/wp\/v2\/pages\/1454\/revisions"}],"predecessor-version":[{"id":1492,"href":"https:\/\/explorefishvariety.gov.mt\/mt\/wp-json\/wp\/v2\/pages\/1454\/revisions\/1492"}],"wp:attachment":[{"href":"https:\/\/explorefishvariety.gov.mt\/mt\/wp-json\/wp\/v2\/media?parent=1454"}],"curies":[{"name":"wp","href":"https:\/\/api.w.org\/{rel}","templated":true}]}}